{"id":641,"date":"2021-10-09T21:39:39","date_gmt":"2021-10-09T21:39:39","guid":{"rendered":"https:\/\/salpicoslunares.com\/?page_id=641"},"modified":"2024-12-12T12:32:43","modified_gmt":"2024-12-12T12:32:43","slug":"politica-de-privacidade","status":"publish","type":"page","link":"https:\/\/cbwash.com\/index.php\/politica-de-privacidade\/","title":{"rendered":"Pol\u00edtica de Privacidade"},"content":{"rendered":"\t\t<div data-elementor-type=\"wp-page\" data-elementor-id=\"641\" class=\"elementor elementor-641\">\n\t\t\t\t\t\t<section class=\"elementor-section elementor-top-section elementor-element elementor-element-3c67b9b elementor-section-boxed elementor-section-height-default elementor-section-height-default\" data-id=\"3c67b9b\" data-element_type=\"section\">\n\t\t\t\t\t\t<div class=\"elementor-container elementor-column-gap-default\">\n\t\t\t\t\t<div class=\"elementor-column elementor-col-100 elementor-top-column elementor-element elementor-element-8cc0fcd\" data-id=\"8cc0fcd\" data-element_type=\"column\">\n\t\t\t<div class=\"elementor-widget-wrap elementor-element-populated\">\n\t\t\t\t\t\t<div class=\"elementor-element elementor-element-97585e4 elementor-widget elementor-widget-heading\" data-id=\"97585e4\" data-element_type=\"widget\" data-widget_type=\"heading.default\">\n\t\t\t\t<div class=\"elementor-widget-container\">\n\t\t\t<h2 class=\"elementor-heading-title elementor-size-default\">Pol\u00edtica de Privacidade<\/h2>\t\t<\/div>\n\t\t\t\t<\/div>\n\t\t\t\t\t<\/div>\n\t\t<\/div>\n\t\t\t\t\t<\/div>\n\t\t<\/section>\n\t\t\t\t<section class=\"elementor-section elementor-top-section elementor-element elementor-element-e92e334 elementor-section-boxed elementor-section-height-default elementor-section-height-default\" data-id=\"e92e334\" data-element_type=\"section\">\n\t\t\t\t\t\t<div class=\"elementor-container elementor-column-gap-default\">\n\t\t\t\t\t<div class=\"elementor-column elementor-col-100 elementor-top-column elementor-element elementor-element-6adc1f5\" data-id=\"6adc1f5\" data-element_type=\"column\">\n\t\t\t<div class=\"elementor-widget-wrap elementor-element-populated\">\n\t\t\t\t\t\t<div class=\"elementor-element elementor-element-e8b058d elementor-widget elementor-widget-text-editor\" data-id=\"e8b058d\" data-element_type=\"widget\" data-widget_type=\"text-editor.default\">\n\t\t\t\t<div class=\"elementor-widget-container\">\n\t\t\t\t\t\t\t<p>POL\u00cdTICA DE PRIVACIDADE<\/p>\n<p>Os dados pessoais recolhidos durante o processo de registo no site s\u00e3o estritamente necess\u00e1rios para que o Utilizador seja reconhecido, possa ser contactado e para que possamos prestar-lhe um atendimento personalizado. Igualmente os dados servir\u00e3o para o processamento das encomendas e para que possamos entrar em contacto com o Utilizador em caso de necessidade.<\/p>\n<p>Os seus dados pessoais s\u00e3o de extrema import\u00e2ncia, pelo que a empresa CB Wash Lda reconhece a import\u00e2ncia de os proteger, qualquer que seja a sua natureza. Por essa raz\u00e3o, desenvolvemos um conjunto de medidas de seguran\u00e7a que visam a prote\u00e7\u00e3o dos mesmos.<\/p>\n<p>Assim, o utilizador, ao efetuar o seu registo ou compra online, garante expressamente \u00e0 empresa CB Wash Lda o seu consentimento em usar os seus dados pessoais e endere\u00e7o, bem como os dados referentes \u00e0s suas compras e formas de pagamento. Estes dados ser\u00e3o guardados e tratados informaticamente, podendo ser utilizados para fins de comunica\u00e7\u00e3o que reforce e personalize a oferta de produtos, servi\u00e7os, campanhas promocionais ou publicit\u00e1rias ou para processamento de encomendas. A empresa CB Wash Lda&nbsp;garante aos seus Utilizadores que n\u00e3o aluga ou vende os seus dados a terceiros, pelo que todas as informa\u00e7\u00f5es s\u00e3o confidenciais e utilizadas apenas pela empresa CB Wash Lda, exceto em situa\u00e7\u00f5es que derivem de imperativos legais.<\/p>\n<p>O Utilizador concede ainda \u00e0 empresa CB Wash Lda&nbsp;o direito de transmitir os dados pessoais estritamente necess\u00e1rios, aos prestadores de servi\u00e7os de entrega das encomendas.<\/p>\n<p>Toda a informa\u00e7\u00e3o fornecida durante o ato de registo ser\u00e1 utilizada para:<\/p>\n<p>&#8211; Processar, completar os dados e entregar a sua encomenda, bem como para notifica-lo sobre o estado da mesma.<\/p>\n<p>&#8211; Assegurar que o Servi\u00e7o de Apoio ao Utilizador o poder\u00e1 contactar para fornecer resposta a quest\u00f5es e situa\u00e7\u00f5es de interesse ou para comunica\u00e7\u00e3o de novas vantagens ou promo\u00e7\u00f5es.<\/p>\n<p>Na empresa CB Wash Lda, o acesso \u00e0 sua informa\u00e7\u00e3o \u00e9 restrito, sendo realizado para satisfazer a sua encomenda, desde a realiza\u00e7\u00e3o do pagamento, canais de entrega at\u00e9 ao apoio ao Utilizador.<\/p>\n<p>Mesmo tendo sido desenvolvidas todas as precau\u00e7\u00f5es poss\u00edveis para a prote\u00e7\u00e3o de dados dos Utilizadores, a empresa CB Wash Lda&nbsp;n\u00e3o poder\u00e1 ser considerada respons\u00e1vel por nenhum acto que n\u00e3o decorra da sua pr\u00f3pria neglig\u00eancia.<\/p>\n<p>Em situa\u00e7\u00f5es de utiliza\u00e7\u00e3o indevida do site e independentemente do procedimento legal que possa ser aplicado, a empresa CB Wash Lda&nbsp;reserva-se o direito, de nomeadamente, proceder ao cancelamento do registo do utilizador, remo\u00e7\u00e3o de encomendas, bem como qualquer outro tipo de conte\u00fado do utilizador.<\/p>\n<p>O Utilizador \u00e9 o \u00fanico respons\u00e1vel pela atualiza\u00e7\u00e3o e valida\u00e7\u00e3o dos dados pessoais recolhidos devendo, quando tal se justifique, efetuar login no site e retificar os dados que care\u00e7am de atualiza\u00e7\u00e3o.<\/p>\n<p>Para exercer o seu direito ao esquecimento, o Utilizador deve enviar um email para cbwashlavandariasindustriais@gmail.com&nbsp;a solicitar essa opera\u00e7\u00e3o.<\/p>\n<p>Para aceder \u00e0 sua \u00e1rea pessoal, o Utilizador, depois de efetuar o login, dever\u00e1 aceder \u00e0 sua \u00e1rea pessoal, acedendo a toda a informa\u00e7\u00e3o relevante.CB Wash Lda<\/p>\t\t\t\t\t\t<\/div>\n\t\t\t\t<\/div>\n\t\t\t\t\t<\/div>\n\t\t<\/div>\n\t\t\t\t\t<\/div>\n\t\t<\/section>\n\t\t\t\t<section class=\"elementor-section elementor-top-section elementor-element elementor-element-47dcf6b elementor-section-boxed elementor-section-height-default elementor-section-height-default\" data-id=\"47dcf6b\" data-element_type=\"section\">\n\t\t\t\t\t\t<div class=\"elementor-container elementor-column-gap-default\">\n\t\t\t\t\t<div class=\"elementor-column elementor-col-100 elementor-top-column elementor-element elementor-element-11b4f5b\" data-id=\"11b4f5b\" data-element_type=\"column\">\n\t\t\t<div class=\"elementor-widget-wrap elementor-element-populated\">\n\t\t\t\t\t\t<div class=\"elementor-element elementor-element-64967a6 elementor-align-center elementor-widget elementor-widget-button\" data-id=\"64967a6\" data-element_type=\"widget\" data-widget_type=\"button.default\">\n\t\t\t\t<div class=\"elementor-widget-container\">\n\t\t\t\t\t\t\t<div class=\"elementor-button-wrapper\">\n\t\t\t\t\t<a class=\"elementor-button elementor-button-link elementor-size-sm\" href=\"https:\/\/salpicoslunares.com\/\">\n\t\t\t\t\t\t<span class=\"elementor-button-content-wrapper\">\n\t\t\t\t\t\t\t\t\t<span class=\"elementor-button-text\">Voltar Atr\u00e1s<\/span>\n\t\t\t\t\t<\/span>\n\t\t\t\t\t<\/a>\n\t\t\t\t<\/div>\n\t\t\t\t\t\t<\/div>\n\t\t\t\t<\/div>\n\t\t\t\t\t<\/div>\n\t\t<\/div>\n\t\t\t\t\t<\/div>\n\t\t<\/section>\n\t\t\t\t<\/div>\n\t\t","protected":false},"excerpt":{"rendered":"<p>Pol\u00edtica de Privacidade POL\u00cdTICA DE PRIVACIDADE Os dados pessoais recolhidos durante o processo de registo no site s\u00e3o estritamente necess\u00e1rios para que o Utilizador seja reconhecido, possa ser contactado e para que possamos prestar-lhe um atendimento personalizado. Igualmente os dados servir\u00e3o para o processamento das encomendas e para que possamos [&hellip;]<\/p>\n","protected":false},"author":1,"featured_media":0,"parent":0,"menu_order":0,"comment_status":"closed","ping_status":"closed","template":"page-templates\/template-pagebuilder-full-width.php","meta":{"footnotes":""},"class_list":["post-641","page","type-page","status-publish","hentry"],"_links":{"self":[{"href":"https:\/\/cbwash.com\/index.php\/wp-json\/wp\/v2\/pages\/641","targetHints":{"allow":["GET"]}}],"collection":[{"href":"https:\/\/cbwash.com\/index.php\/wp-json\/wp\/v2\/pages"}],"about":[{"href":"https:\/\/cbwash.com\/index.php\/wp-json\/wp\/v2\/types\/page"}],"author":[{"embeddable":true,"href":"https:\/\/cbwash.com\/index.php\/wp-json\/wp\/v2\/users\/1"}],"replies":[{"embeddable":true,"href":"https:\/\/cbwash.com\/index.php\/wp-json\/wp\/v2\/comments?post=641"}],"version-history":[{"count":25,"href":"https:\/\/cbwash.com\/index.php\/wp-json\/wp\/v2\/pages\/641\/revisions"}],"predecessor-version":[{"id":769,"href":"https:\/\/cbwash.com\/index.php\/wp-json\/wp\/v2\/pages\/641\/revisions\/769"}],"wp:attachment":[{"href":"https:\/\/cbwash.com\/index.php\/wp-json\/wp\/v2\/media?parent=641"}],"curies":[{"name":"wp","href":"https:\/\/api.w.org\/{rel}","templated":true}]}}