{"id":624,"date":"2021-10-09T21:30:23","date_gmt":"2021-10-09T21:30:23","guid":{"rendered":"https:\/\/salpicoslunares.com\/?page_id=624"},"modified":"2021-10-09T21:33:15","modified_gmt":"2021-10-09T21:33:15","slug":"elementor-624","status":"publish","type":"page","link":"https:\/\/cbwash.com\/index.php\/elementor-624\/","title":{"rendered":"Entidades RAL"},"content":{"rendered":"\t\t<div data-elementor-type=\"wp-page\" data-elementor-id=\"624\" class=\"elementor elementor-624\">\n\t\t\t\t\t\t<section class=\"elementor-section elementor-top-section elementor-element elementor-element-43342a9 elementor-section-boxed elementor-section-height-default elementor-section-height-default\" data-id=\"43342a9\" data-element_type=\"section\">\n\t\t\t\t\t\t<div class=\"elementor-container elementor-column-gap-default\">\n\t\t\t\t\t<div class=\"elementor-column elementor-col-100 elementor-top-column elementor-element elementor-element-5a8f4d9\" data-id=\"5a8f4d9\" data-element_type=\"column\">\n\t\t\t<div class=\"elementor-widget-wrap elementor-element-populated\">\n\t\t\t\t\t\t<div class=\"elementor-element elementor-element-61f23af elementor-widget elementor-widget-heading\" data-id=\"61f23af\" data-element_type=\"widget\" data-widget_type=\"heading.default\">\n\t\t\t\t<div class=\"elementor-widget-container\">\n\t\t\t<h2 class=\"elementor-heading-title elementor-size-default\">Entidades RAL<\/h2>\t\t<\/div>\n\t\t\t\t<\/div>\n\t\t\t\t\t<\/div>\n\t\t<\/div>\n\t\t\t\t\t<\/div>\n\t\t<\/section>\n\t\t\t\t<section class=\"elementor-section elementor-top-section elementor-element elementor-element-496ee0e elementor-section-boxed elementor-section-height-default elementor-section-height-default\" data-id=\"496ee0e\" data-element_type=\"section\">\n\t\t\t\t\t\t<div class=\"elementor-container elementor-column-gap-default\">\n\t\t\t\t\t<div class=\"elementor-column elementor-col-100 elementor-top-column elementor-element elementor-element-9d7e9b6\" data-id=\"9d7e9b6\" data-element_type=\"column\">\n\t\t\t<div class=\"elementor-widget-wrap elementor-element-populated\">\n\t\t\t\t\t\t<div class=\"elementor-element elementor-element-23b975e elementor-widget elementor-widget-text-editor\" data-id=\"23b975e\" data-element_type=\"widget\" data-widget_type=\"text-editor.default\">\n\t\t\t\t<div class=\"elementor-widget-container\">\n\t\t\t\t\t\t\t<div class=\"rte\" style=\"margin: 0px; padding: 0px; border: 0px; font-variant-numeric: inherit; font-variant-east-asian: inherit; font-stretch: inherit; line-height: inherit; font-family: Arial, Helvetica, sans-serif; font-size: 13px; vertical-align: baseline; background: none 0px 0px repeat scroll #f6f6f6; color: #777777;\"><p style=\"margin-bottom: 9px; padding: 0px; border: 0px; font-style: inherit; font-variant: inherit; font-weight: inherit; font-stretch: inherit; line-height: 18px; font-family: inherit; font-size: 13px; vertical-align: baseline;\">Em caso de lit\u00edgio o consumidor pode recorrer a uma das Entidades de Resolu\u00e7\u00e3o Alternativa de Lit\u00edgios de consumo que indicamos abaixo:<br \/><br \/>CNIACC &#8211; Centro Nacional de Informa\u00e7\u00e3o e Arbitragem de Conflitos de Consumo Faculdade de Direito da Universidade Nova de Lisboa Campus de Campolide 1099-032 Lisboa<br \/>\u00a0Tel.: 213 847 484<br \/><br \/>CIMAAL &#8211; Centro de Informa\u00e7\u00e3o, Media\u00e7\u00e3o e Arbitragem de Conflitos de Consumo do Algarve Edif\u00edcio Ninho de Empresas, Estrada da Penha, 8005-131 Faro<br \/>Tel.: 289 823 135<br \/><br \/>Centro de Arbitragem de Conflitos de Consumo do Distrito de Coimbra<br \/>Av. Fern\u00e3o Magalh\u00e3es, n.\u00ba 240, 1\u00ba &#8211; 3000-172 COIMBRA<br \/>Tel.: 239 821 690 \/289<br \/><br \/>Centro de Arbitragem de Conflitos de Consumo de Lisboa<br \/>Rua dos Douradores, 116, 2\u00ba &#8211; 1100-207 LISBOA<br \/>Tel: 218 807 030<br \/><br \/>Centro de Informa\u00e7\u00e3o de Consumo e Arbitragem do Porto<br \/>Rua Dami\u00e3o de G\u00f3is, 31 \u2013 Loja 6 \u2013 4050-225 Porto<br \/>Tel.: 225 508 349 \/ 225 029 791<br \/><br \/>Centro de Arbitragem de Conflitos de Consumo do Vale do Ave \/ Tribunal Arbitral<br \/>Rua Capit\u00e3o Alfredo Guimar\u00e3es, n.\u00ba 1, 4800-019, Guimar\u00e3es.<br \/>Tel.: 253 422 410<br \/><br \/>Centro de Arbitragem de Conflitos de Consumo da Madeira<br \/>Rua Direita, n\u00ba27 &#8211; 1\u00ba andar; 9050-405 Funchal<br \/>Tel.: 291 750 330<\/p><div><\/div><\/div>\t\t\t\t\t\t<\/div>\n\t\t\t\t<\/div>\n\t\t\t\t\t<\/div>\n\t\t<\/div>\n\t\t\t\t\t<\/div>\n\t\t<\/section>\n\t\t\t\t<section class=\"elementor-section elementor-top-section elementor-element elementor-element-55ae15d elementor-section-boxed elementor-section-height-default elementor-section-height-default\" data-id=\"55ae15d\" data-element_type=\"section\">\n\t\t\t\t\t\t<div class=\"elementor-container elementor-column-gap-default\">\n\t\t\t\t\t<div class=\"elementor-column elementor-col-100 elementor-top-column elementor-element elementor-element-6b61903\" data-id=\"6b61903\" data-element_type=\"column\">\n\t\t\t<div class=\"elementor-widget-wrap elementor-element-populated\">\n\t\t\t\t\t\t<div class=\"elementor-element elementor-element-c2e623f elementor-align-center elementor-widget elementor-widget-button\" data-id=\"c2e623f\" data-element_type=\"widget\" data-widget_type=\"button.default\">\n\t\t\t\t<div class=\"elementor-widget-container\">\n\t\t\t\t\t\t\t<div class=\"elementor-button-wrapper\">\n\t\t\t\t\t<a class=\"elementor-button elementor-button-link elementor-size-sm\" href=\"https:\/\/salpicoslunares.com\">\n\t\t\t\t\t\t<span class=\"elementor-button-content-wrapper\">\n\t\t\t\t\t\t\t\t\t<span class=\"elementor-button-text\">Voltar Atr\u00e1s<\/span>\n\t\t\t\t\t<\/span>\n\t\t\t\t\t<\/a>\n\t\t\t\t<\/div>\n\t\t\t\t\t\t<\/div>\n\t\t\t\t<\/div>\n\t\t\t\t\t<\/div>\n\t\t<\/div>\n\t\t\t\t\t<\/div>\n\t\t<\/section>\n\t\t\t\t<\/div>\n\t\t","protected":false},"excerpt":{"rendered":"<p>Entidades RAL Em caso de lit\u00edgio o consumidor pode recorrer a uma das Entidades de Resolu\u00e7\u00e3o Alternativa de Lit\u00edgios de consumo que indicamos abaixo: CNIACC &#8211; Centro Nacional de Informa\u00e7\u00e3o e Arbitragem de Conflitos de Consumo Faculdade de Direito da Universidade Nova de Lisboa Campus de Campolide 1099-032 Lisboa\u00a0Tel.: 213 [&hellip;]<\/p>\n","protected":false},"author":1,"featured_media":0,"parent":0,"menu_order":0,"comment_status":"closed","ping_status":"closed","template":"page-templates\/template-pagebuilder-full-width.php","meta":{"footnotes":""},"class_list":["post-624","page","type-page","status-publish","hentry"],"_links":{"self":[{"href":"https:\/\/cbwash.com\/index.php\/wp-json\/wp\/v2\/pages\/624","targetHints":{"allow":["GET"]}}],"collection":[{"href":"https:\/\/cbwash.com\/index.php\/wp-json\/wp\/v2\/pages"}],"about":[{"href":"https:\/\/cbwash.com\/index.php\/wp-json\/wp\/v2\/types\/page"}],"author":[{"embeddable":true,"href":"https:\/\/cbwash.com\/index.php\/wp-json\/wp\/v2\/users\/1"}],"replies":[{"embeddable":true,"href":"https:\/\/cbwash.com\/index.php\/wp-json\/wp\/v2\/comments?post=624"}],"version-history":[{"count":8,"href":"https:\/\/cbwash.com\/index.php\/wp-json\/wp\/v2\/pages\/624\/revisions"}],"predecessor-version":[{"id":633,"href":"https:\/\/cbwash.com\/index.php\/wp-json\/wp\/v2\/pages\/624\/revisions\/633"}],"wp:attachment":[{"href":"https:\/\/cbwash.com\/index.php\/wp-json\/wp\/v2\/media?parent=624"}],"curies":[{"name":"wp","href":"https:\/\/api.w.org\/{rel}","templated":true}]}}